{"id":653,"date":"2025-05-30T23:03:58","date_gmt":"2025-05-30T20:03:58","guid":{"rendered":"https:\/\/www.cansuyufm.com\/?page_id=653"},"modified":"2025-05-30T23:03:58","modified_gmt":"2025-05-30T20:03:58","slug":"islam-fikih-ve-aradiginiz-hersey-islam-arsivi","status":"publish","type":"page","link":"https:\/\/www.cansuyufm.com\/?page_id=653","title":{"rendered":"\u0130SLAM &#8211; FIKIH VE ARADI\u011eINIZ HER\u015eEY &#8211; \u0130SLAM AR\u015e\u0130V\u0130"},"content":{"rendered":"<p><a title=\"islam ahlak\u0131\" href=\"https:\/\/archive.org\/details\/2020_20200208\" rel=\"ugc nofollow\"><span>\u0130slam Ahlak\u0131<\/span><\/a><\/p>\n<p><a title=\"Abdest Ris\u00e2lesi\" href=\"https:\/\/archive.org\/details\/abdestrisalesi\" rel=\"ugc nofollow\"><span style=\"color: #008080;\"><span>Abdest Ris\u00e2les<\/span><\/span><span>\u00a0i<\/span><\/a><\/p>\n<p><a title=\"ABDEST NASIL ALINIR BE\u015e VAK\u0130T NAMAZ NASIL KILINIR\" href=\"https:\/\/archive.org\/details\/BesVakitNamaz-NasilKilinir\" rel=\"ugc nofollow\"><span>Abdest nas\u0131l al\u0131n\u0131r be\u015f vakit namaz nas\u0131l k\u0131l\u0131n\u0131r<\/span><\/a><\/p>\n<p><a title=\"Mescid.Sohbetleri Namaz\" href=\"https:\/\/archive.org\/details\/Mescid.sohbetleri-Namaz\" rel=\"ugc nofollow\"><span style=\"color: #008080;\"><span>Mescid.Sohbetleri Namaz<\/span><\/span><\/a><\/p>\n<div class=\"ttl\">\n<p><a title=\"Namaz Kitab\u0131\" href=\"https:\/\/archive.org\/details\/namaz_202002\" rel=\"ugc nofollow\"><span>Namaz Kitab\u0131<\/span><\/a><\/p>\n<p><a title=\"BE\u015e VAK\u0130T NAMAZ\" href=\"https:\/\/archive.org\/details\/BesVakitNamaz\" rel=\"ugc nofollow\"><span style=\"color: #008080;\"><span>Be\u015f vakit namaz<\/span><\/span><\/a><\/p>\n<p><a title=\"Namaz\" href=\"https:\/\/archive.org\/details\/Namaz_697\" rel=\"ugc nofollow\"><span>Namaz Nas\u0131l K\u0131l\u0131n\u0131r<\/span><\/a><\/p>\n<p><a title=\"Namazda Ne Okuyoruz\" href=\"https:\/\/archive.org\/details\/namazd\" rel=\"ugc nofollow\"><span style=\"color: #008080;\"><span>Namazda Ne Okuyoruz<\/span><\/span><\/a><\/p>\n<p><a href=\"https:\/\/archive.org\/details\/20200208_20200208_1400\" rel=\"ugc nofollow\"><span style=\"color: #428bca; font-family: Comic Sans MS; font-size: large;\"><span>K\u0131yamet ve Ah\u00eeret<\/span><\/span><\/a><\/p>\n<p><a title=\"Tam \u0130lmihal Saadeti Ebediyye 1.B\u00f6l\u00fcm\" href=\"https:\/\/archive.org\/details\/2020_20200205_202002\" rel=\"ugc nofollow\"><span>Tam \u0130lmihal Saadeti Ebediyye 1.B\u00f6l\u00fcm<\/span><\/a><\/p>\n<div class=\"ttl\">\n<p><a title=\"Tam \u0130lmihal Saadeti Ebediyye 2.Bolum\" href=\"https:\/\/archive.org\/details\/20200207_20200207_0826\" rel=\"ugc nofollow\"><span style=\"color: #008080;\"><span>Tam \u0130lmihal Saadeti Ebediyye 2.Bolum<\/span><\/span><\/a><\/p>\n<\/div>\n<p><a title=\"Tam \u0130lmihal Saadeti Ebediyye 3.Bolum\" href=\"https:\/\/archive.org\/details\/20200207_20200207_1158\" rel=\"ugc nofollow\"><span>Tam \u0130lmihal Saadeti Ebediyye 3.Bolum<\/span><\/a><\/p>\n<p><a title=\"Riyaz'\u00fcs Salihin Hadisler\" href=\"https:\/\/archive.org\/details\/Riyazus_Salihin_Hadisler\" rel=\"ugc nofollow\"><span style=\"color: #008080;\"><span>Riyaz&#8217;\u00fcs Salihin Hadisler<\/span><\/span><\/a><\/p>\n<p><a title=\"Eshab-\u0131 kiram\" href=\"https:\/\/archive.org\/details\/20200208_20200208_1516\" rel=\"ugc nofollow\"><span>Eshab-\u0131 Kiram<\/span><\/a><\/p>\n<p><a title=\"SESL\u0130 MUHTASAR \u0130LM\u0130HAL\" href=\"https:\/\/archive.org\/details\/03022020\" rel=\"ugc nofollow\"><span style=\"color: #008080;\"><span>Muhtasar \u0130lmihal\u00a0<\/span><\/span><\/a><span><a title=\"SESL\u0130 MUHTASAR \u0130LM\u0130HAL\" href=\"https:\/\/archive.org\/details\/03022020\" rel=\"ugc nofollow\"><span style=\"color: #008080;\">SESL\u0130<\/span><\/a><\/span><\/p>\n<p><a title=\"54 Farz C\u00fcbbeli Ahmet Hoca Efendi ( Mp3 )\" href=\"https:\/\/archive.org\/details\/54farzcubbeliahmethocaefendi\" rel=\"ugc nofollow\"><span>54 Farz C\u00fcbbeli Ahmet Hoca Efendi ( Mp3 )<\/span><\/a><\/p>\n<p><a title=\"54 Farz (Her M\u00fcsl\u00fcman\u0131n bilmesi gerekir)\" href=\"https:\/\/archive.org\/details\/54farz_201909\" rel=\"ugc nofollow\"><span style=\"color: #008080;\"><span>54 Farz (Her M\u00fcsl\u00fcman\u0131n bilmesi gerekir)<\/span><\/span><\/a><\/p>\n<p><a title=\"ABDULLAH PARLIYAN (TEFS\u0130R)\" href=\"https:\/\/archive.org\/details\/Tefsir001007\" rel=\"ugc nofollow\"><span>Abdullah Parlayan (TEFS\u0130R)<\/span><\/a><\/p>\n<p><a title=\"Tefsir Dersleri - Orhan Karm\u0131\u015f\" href=\"https:\/\/archive.org\/details\/tefsirdersleri_20200116\" rel=\"ugc nofollow\"><span style=\"color: #008080;\"><span>Tefsir Dersleri &#8211; Orhan Karm\u0131\u015f<\/span><\/span><\/a><\/p>\n<p><a title=\"Tefsir Dersleri - Ali K\u00fc\u00e7\u00fck\" href=\"https:\/\/archive.org\/details\/tefsirdersleri_20200106\" rel=\"ugc nofollow\"><span>Tefsir Dersleri &#8211; Ali K\u00fc\u00e7\u00fck<\/span><\/a><\/p>\n<\/div>\n<div class=\"ttl\">\n<p><a title=\"Hadis Dersleri Ali K\u00fc\u00e7\u00fck Hoca Efendi\" href=\"https:\/\/archive.org\/details\/HadisDersleriAliKucukHocaEfendi\" rel=\"ugc nofollow\"><span style=\"color: #008080;\"><span>Hadis Dersleri Ali K\u00fc\u00e7\u00fck Hoca Efendi<\/span><\/span><\/a><\/p>\n<p><a title=\"OkTakipli (30C\u00fcz) Kur'an-\u0131 Kerim Hatmi \u015eerifi Okuyan : Haf\u0131z \u0130lhan Tok\" href=\"https:\/\/archive.org\/details\/dinimizislam_0022\" rel=\"ugc nofollow\"><span>OkTakipli (30C\u00fcz) Kur&#8217;an-\u0131 Kerim Hatmi \u015eerifi Okuyan : Haf\u0131z \u0130lhan Tok<\/span><\/a><\/p>\n<p><a title=\"OkTakipli (30C\u00fcz) Kur'an-\u0131 Kerim Hatmi \u015eerifi Okuyan : Molla Ramazan \u015eim\u015fek\" href=\"https:\/\/archive.org\/details\/MukabeleDuasi_166\" rel=\"ugc nofollow\"><span style=\"color: #008080;\"><span>OkTakipli (30C\u00fcz) Kur&#8217;an-\u0131 Kerim Hatmi \u015eerifi Okuyan : Molla Ramazan \u015eim\u015fek<\/span><\/span><\/a><\/p>\n<div class=\"ttl\">\n<p><a title=\"OkTakipli (30C\u00fcz) Kur'an-\u0131 Kerim Hatmi \u015eerifi - Okuyan : Mehmet Emin AY\" href=\"https:\/\/archive.org\/details\/mehmeteminay_201910\" rel=\"ugc nofollow\"><span>OkTakipli (30C\u00fcz) Kur&#8217;an-\u0131 Kerim Hatmi \u015eerifi &#8211; Okuyan : Mehme Emin Ay<\/span><\/a><\/p>\n<p><a title=\"OkTakipli (30C\u00fcz) Kur'an-\u0131 Kerim Hatmi \u015eerifi Okuyan : Haf\u0131z \u0130lhan Tok\" href=\"https:\/\/archive.org\/details\/EvDekarasyon\" rel=\"ugc nofollow\"><span style=\"color: #008080;\"><span>OkTakipli (30C\u00fcz) Kur&#8217;an-\u0131 Kerim Hatmi \u015eerifi Okuyan : Haf\u0131z \u0130lhan Tok<\/span><\/span><\/a><\/p>\n<p><a title=\"OkTakipli (30C\u00fcz) Kur'an-\u0131 Kerim Hatmi \u015eerifi Okuyan : Haf\u0131z \u0130lhan Tok\" href=\"https:\/\/archive.org\/details\/KuranHatmiSerifi-IshakDanis\" rel=\"ugc nofollow\"><span>OkTakipli (30C\u00fcz) Kur&#8217;an-\u0131 Kerim Hatmi \u015eerifi Okuyan : Haf\u0131z \u0130shak Dan\u0131\u015f<\/span><\/a><\/p>\n<p><a title=\"Abdussamed Kur'an-\u0131 Kerim 30 VCD Hatim Seti\" href=\"https:\/\/archive.org\/details\/AbdussamedKuran-Kerim30VcdHatimSeti\" rel=\"ugc nofollow\"><span style=\"color: #008080;\"><span>Abdussamed Kur&#8217;an-\u0131 Kerim 30 VCD Hatim Seti<\/span><\/span><\/a><\/p>\n<p><a title=\"30 C\u00fcz 30 Haf\u0131z \u0130lksec vakf\u0131 masallar\u0131\" href=\"https:\/\/archive.org\/details\/30cuz30hafiz_201908\" rel=\"ugc nofollow\"><span>\u0130lksec vakf\u0131 masallar\u0131 30 Haf\u0131z 30 C\u00fcz<\/span><\/a><\/p>\n<\/div>\n<div class=\"ttl\"><\/div>\n<div class=\"ttl\">\n<div class=\"ttl\"><a title=\"OkTakipli - Kur'an-\u0131 Kerim Hatmi \u015eerifi - Okuyan : Mehmet Ali Sar\u0131\" href=\"https:\/\/archive.org\/details\/OktakipliKuraniKerimHatmiSerif-Sureler-IshakDanis\" rel=\"ugc nofollow\"><span style=\"color: #008080;\"><span>OkTakipli(114 Sure)Kur&#8217;an-\u0131 Kerim Hatmi \u015eerifi Okuyan : Haf\u0131z \u0130shak Dan\u0131\u015f<\/span><\/span><\/a><\/div>\n<\/div>\n<div class=\"ttl\">\n<div class=\"ttl\">\n<p><a title=\"OkTakipli(114 Sure)Kur'an-\u0131 Kerim Hatmi \u015eerifi Okuyan : Haf\u0131z \u0130lhan Tok\" href=\"https:\/\/archive.org\/details\/OktakipliKuran-iKerimHatmiSerif\" rel=\"ugc nofollow\"><span>OkTakipli(114 Sure)Kur&#8217;an-\u0131 Kerim Hatmi \u015eerifi Okuyan : Haf\u0131z \u0130lhan Tok<\/span><\/a><\/p>\n<p><a title=\"OkTakipli(114 Sure)Kur'an-\u0131 Kerim Hatmi \u015eerifi Okuyan : Haf\u0131z \u0130lhan Tok\" href=\"https:\/\/archive.org\/details\/dinimizislam0023\" rel=\"ugc nofollow\"><span style=\"color: #008080;\"><span>OkTakipli(114 Sure)Kur&#8217;an-\u0131 Kerim Hatmi \u015eerifi Okuyan : Haf\u0131z \u0130lhan Tok<\/span><\/span><\/a><\/p>\n<\/div>\n<div class=\"ttl\"><a title=\"OkTakipli(114 Sure)Kur'an-\u0131 Kerim Hatmi \u015eerifi Okuyan : Mehmet Ali Sar\u0131\" href=\"https:\/\/archive.org\/details\/OkTakipliKuraniKerimMehmetAliSari\" rel=\"ugc nofollow\"><span>OkTakipli(114 Sure)Kur&#8217;an-\u0131 Kerim Hatmi \u015eerifi Okuyan : Mehmet Ali Sar\u0131<\/span><\/a><\/div>\n<div class=\"ttl\"><a title=\"OkTakipli(114 Sure)Kur'an-\u0131 Kerim Hatmi \u015eerifi Okuyan : Mehmet Emin AY\" href=\"https:\/\/archive.org\/details\/OktakipliKuraniKerim114Sure\" rel=\"ugc nofollow\"><span style=\"color: #008080; font-family: Comic Sans MS;\"><span>OkTakipli(114 Sure)Kur&#8217;an-\u0131 Kerim Hatmi \u015eerifi Okuyan : Mehmet Emin AY<\/span><\/span><\/a><\/div>\n<\/div>\n<div class=\"ttl\">\n<p><a href=\"https:\/\/archive.org\/details\/MukabeleDuasi\" rel=\"ugc nofollow\"><span style=\"font-family: Comic Sans MS;\"><span>OkTakipli(114 Sure)Kur&#8217;an-\u0131 Kerim Okuyan :\u00a0<\/span><\/span><span class=\"breaker-breaker\"><span style=\"font-family: Comic Sans MS;\"><span>Molla Ramazan \u015eim\u015fek<\/span><\/span><\/span><\/a><\/p>\n<\/div>\n<div class=\"ttl\">\n<div class=\"ttl\">\n<p><a title=\"OK takipli Kuran-\u0131 Kerim Hatmi \u015eerifi\" href=\"https:\/\/archive.org\/details\/Diyanet-OKtakipli-Kurani-Kerim-Hatmi-Serifi\" rel=\"ugc nofollow\"><span style=\"color: #008080;\"><span>OK takipli(114 Sure)Kuran-\u0131 Kerim Hatmi \u015eerif (Diyanet 5 Haf\u0131z)<\/span><\/span><\/a><\/p>\n<\/div>\n<div class=\"ttl\"><a title=\"Kurani Kerim Hatmi \u015eerifi S\u00fcreler \u0130shak Dani\u015f\" href=\"https:\/\/archive.org\/details\/KuraniKerimHatmiSerifi-Sureler-HakkiDanis\" rel=\"ugc nofollow\"><span style=\"font-family: Comic Sans MS;\"><span>Kurani Kerim Hatmi \u015eerifi S\u00fcreler \u0130shak Dani\u015f Mp3<\/span><\/span><\/a><\/div>\n<p><a title=\"Davut Kaya Hoca efendi\" href=\"https:\/\/archive.org\/details\/DinimizIslam_791\" rel=\"ugc nofollow\"><span style=\"color: #008080;\"><span>Davut Kaya Hoca efendi<\/span><\/span><\/a><\/p>\n<p><a title=\"Mehmet Ali Sar\u0131 Hoca Efendi\" href=\"https:\/\/archive.org\/details\/MehmetAliSarHocaEfendi_mp3\" rel=\"ugc nofollow\"><span>Mehmet Ali Sar\u0131 Hoca Efendi<\/span><\/a><\/p>\n<p><a title=\"Mehmet Ali Sar\u0131 Hoca efendi mp3\" href=\"https:\/\/archive.org\/details\/FatihaSuresi-shakDan\" rel=\"ugc nofollow\"><span style=\"color: #008080;\"><span>Mehmet Ali Sar\u0131 Hoca efendi mp3<\/span><\/span><\/a><\/p>\n<p><a title=\"Yasin Suresi\" href=\"https:\/\/archive.org\/details\/202001_20200125\" rel=\"ugc nofollow\"><span>Yasin Suresi<\/span><\/a><\/p>\n<p><a title=\"Hatim Duas\u0131\" href=\"https:\/\/archive.org\/details\/Allahuekber_20190212_1640\" rel=\"ugc nofollow\"><span style=\"color: #008080;\"><span>Hatim Duas\u0131<\/span><\/span><\/a><\/p>\n<div class=\"ttl\">\n<p><a title=\"Yasin Suresi Okuyan : Mehmet Ali Sar\u0131 Hocaefendi\" href=\"https:\/\/archive.org\/details\/yasin_201909\" rel=\"ugc nofollow\"><span>Yasin Suresi Okuyan : Mehmet Ali Sar\u0131 Hocaefendi<\/span><\/a><\/p>\n<\/div>\n<div class=\"ttl\">\n<p><a title=\"C\u00fcbbeli Hocaefendinin Sesinden Yasin-i \u015eer\u00eef S\u00fbresi\" href=\"https:\/\/archive.org\/details\/cubbeli\" rel=\"ugc nofollow\"><span style=\"color: #008080; font-family: Comic Sans MS;\"><span>C\u00fcbbeli Hocaefendinin Sesinden Yasin-i \u015eer\u00eef S\u00fbresi<\/span><\/span><\/a><\/p>\n<\/div>\n<p><a href=\"https:\/\/archive.org\/details\/KisaSurelerVeDualar\" rel=\"ugc nofollow\"><span style=\"font-family: Comic Sans MS;\"><span>K\u0131sa sureler ve Namaz dualar\u0131<\/span><\/span><\/a><\/p>\n<p><a title=\"DUA\" href=\"https:\/\/archive.org\/details\/aradimm_gmail_01\" rel=\"ugc nofollow\"><span style=\"color: #008080; font-family: Comic Sans MS;\"><span>DUA<\/span><\/span><\/a><\/p>\n<p><span style=\"font-family: Comic Sans MS;\"><a href=\"https:\/\/archive.org\/details\/Kuran-iKerimHatimMealCuz\" rel=\"ugc nofollow\"><span>Saad-Al Ghamdi &#8211; Hayri K\u00fc\u00e7\u00fckdeniz Kuran Hatmi ve Meali<\/span><\/a><\/span><\/p>\n<p><a title=\"Kurani Kerim Turkce Meali - Suat Y\u0131ld\u0131r\u0131m - 30 Cuz\" href=\"https:\/\/archive.org\/details\/KuraniKerimTurkceMeali-SuatYildirim-30Cuz\" rel=\"ugc nofollow\"><span style=\"color: #008080;\"><span>Kurani Kerim Turkce Meali &#8211; Suat Y\u0131ld\u0131r\u0131m &#8211; 30 Cuz<\/span><\/span><\/a><\/p>\n<p><a title=\"Prof.Dr Suat Y\u0131ld\u0131r\u0131m (30 Cuz) - - - - - - - Okuyan : Hayri K\u00fc\u00e7\u00fckdeniz\" href=\"https:\/\/archive.org\/details\/Kurani.Kerim.Meali.30.cuz.Prof.Dr.SuatYildirim\" rel=\"ugc nofollow\"><span>Prof.Dr Suat Y\u0131ld\u0131r\u0131m (30 Cuz) Okuyan : Hayri K\u00fc\u00e7\u00fckdeniz<\/span><\/a><\/p>\n<div class=\"ttl\"><a title=\"Saad-Al Ghamdi - Hayri K\u00fc\u00e7\u00fckdeniz 30 c\u00fcz Kuran Hatmi ve Meali\" href=\"https:\/\/archive.org\/details\/Kuran-i.Kerim.Meal.Cuz\" rel=\"ugc nofollow\"><span style=\"color: #008080;\"><span>Saad-Al Ghamdi &#8211; Hayri K\u00fc\u00e7\u00fckdeniz 30 c\u00fcz Kuran Hatmi ve Meali<\/span><\/span><\/a><\/div>\n<div class=\"ttl\"><a title=\"Saad-Al Ghamdi - Hayri K\u00fc\u00e7\u00fckdeniz 114 s\u00fcre Kuran Hatmi ve Meali\" href=\"https:\/\/archive.org\/details\/KuraniKerimAciklamaliTurkceMeali\" rel=\"ugc nofollow\"><span>Saad-Al Ghamdi &#8211; Hayri K\u00fc\u00e7\u00fckdeniz 114 s\u00fcre Kuran Hatmi ve Meali<\/span><\/a><\/div>\n<p><a title=\"Kuran\u0131 Kerim T\u00fcrk\u00e7e Yeme\u011fi - Yusuf Ziya \u00d6zkan\" href=\"https:\/\/archive.org\/details\/DinimizIslam_001\" rel=\"ugc nofollow\"><span style=\"color: #008080;\"><span>Kuran\u0131 Kerim T\u00fcrk\u00e7e Yeme\u011fi &#8211; Yusuf Ziya \u00d6zkan<\/span><\/span><\/a><\/p>\n<p><a title=\"Elmal\u0131l\u0131 Hamdi Yaz\u0131r Cuz T\u00fcrk\u00e7e Yemek Seslendiren : Yusuf Ziya \u00d6zkan\" href=\"https:\/\/archive.org\/details\/dinimizislam_003\" rel=\"ugc nofollow\"><span>Elmal\u0131l\u0131 Hamdi Yaz\u0131r Cuz T\u00fcrk\u00e7e Yemek Ses: Yusuf Ziya \u00d6zkan<\/span><\/a><\/p>\n<div class=\"ttl\"><a title=\"Kuran-\u0131 Kerim T\u00fcrkce Meali - \u0130hsan Atasoy\" href=\"https:\/\/archive.org\/details\/dinimizislam_005\" rel=\"ugc nofollow\"><span style=\"color: #008080;\"><span>Kuran-\u0131 Kerim T\u00fcrkce Meali &#8211; \u0130hsan Atasoy<\/span><\/span><\/a><\/div>\n<div class=\"ttl\"><a title=\"Kuran\u0131 Kerim T\u00fcrk\u00e7e Yeme\u011fi - Hamdi D\u00f6nd\u00fcren\" href=\"https:\/\/archive.org\/details\/dinimizislam_004\" rel=\"ugc nofollow\"><span>Kuran\u0131 Kerim T\u00fcrk\u00e7e Yeme\u011fi &#8211; Hamdi D\u00f6nd\u00fcren<\/span><\/a><\/div>\n<p><a title=\"Kuran\u0131 Kerim T\u00fcrk\u00e7e Yeme\u011fi - Ali Huzeyfi\" href=\"https:\/\/archive.org\/details\/dinimizislam_002\" rel=\"ugc nofollow\"><span style=\"color: #008080;\"><span>Kuran\u0131 Kerim T\u00fcrk\u00e7e Yeme\u011fi &#8211; Ali Huzeyfi<\/span><\/span><\/a><\/p>\n<div class=\"ttl\"><a title=\"Prof.Dr Suat Y\u0131ld\u0131r\u0131m(114Elbette) . . . . . . . . . . Okuyan : Hayri K\u00fc\u00e7\u00fckdeniz\" href=\"https:\/\/archive.org\/details\/HayriKucukdeniz\" rel=\"ugc nofollow\"><span>Prof.Dr Suat Y\u0131ld\u0131r\u0131m(114Elbette). Okuyan : Hayri K\u00fc\u00e7\u00fckdeniz<\/span><\/a><\/div>\n<p><a title=\"Tek Par\u00e7a 21 Saatlik Video, Sureler, Ayetler KUR'AN-I KER\u0130M S\u0131ras\u0131na G\u00f6re KUR'AN-I KER\u0130M MEAL\u0130\" href=\"https:\/\/archive.org\/details\/dinimizislam_007\" rel=\"ugc nofollow\"><span style=\"color: #008080;\"><span>Tek Par\u00e7a 21 Saatlik Kuran\u0131 Kerim Meali<\/span><\/span><\/a><\/p>\n<div class=\"ttl\">\n<p><a title=\"NAMAZDA OKUNAN DUALAR\" href=\"https:\/\/archive.org\/details\/NAMAZ_DUALARI_539\" rel=\"ugc nofollow\"><span>Namazda okunan dualar<\/span><\/a><\/p>\n<\/div>\n<div class=\"ttl\"><a title=\"OkTakipli Kurani Kerim Namaz Sureleri-\u0130shak Dani\u015f\" href=\"https:\/\/archive.org\/details\/OktakipliKuraniKerimNamazSureleri-ishakDanis\" rel=\"ugc nofollow\"><span style=\"color: #008080;\"><span>OkTakipli Kurani Kerim Namaz Sureleri-\u0130shak Dani\u015f<\/span><\/span><\/a><\/div>\n<\/div>\n<div class=\"ttl\">\n<p><a title=\"C\u00fcbbeli Ahmet Hoca Efendinin Sohbetleri\" href=\"https:\/\/archive.org\/details\/CubbeliAhmetHocaefendi2016RamazanSobetleri\" rel=\"ugc nofollow\"><span>C\u00fcbbeli Ahmet Hoca Efendinin Sohbetleri<\/span><\/a><\/p>\n<\/div>\n<div class=\"ttl\">\n<p><a title=\"Mescid Sohbetleri C\u00fcbbeli Ahmet Hoca Efendi\" href=\"https:\/\/archive.org\/details\/mescidsohbetleri\" rel=\"ugc nofollow\"><span style=\"color: #008080;\"><span>Mescid Sohbetleri C\u00fcbbeli Ahmet Hoca Efendi<\/span><\/span><\/a><\/p>\n<\/div>\n<div class=\"ttl\"><a title=\"Bursa Sohbetleri C\u00fcbbeli Ahmet Hoca Efendi\" href=\"https:\/\/archive.org\/details\/bursasohbetleri_201908\" rel=\"ugc nofollow\"><span>Bursa Sohbetleri C\u00fcbbeli Ahmet Hoca Efendi<\/span><\/a><\/div>\n<div class=\"ttl\"><a title=\"Eskimeyen Vaazlar C\u00fcbbeli Ahmet Hocaefendi\" href=\"https:\/\/archive.org\/details\/eskimeyenvaazlarcubbeliahmethocaefendi\" rel=\"ugc nofollow\"><span style=\"color: #008080;\"><span>Eskimeyen Vaazlar C\u00fcbbeli Ahmet Hocaefendi<\/span><\/span><\/a><\/div>\n<div class=\"ttl\"><a title=\"C\u00fcbbeli Hocaefendinin Sesinden Dualar\" href=\"https:\/\/archive.org\/details\/namaz_201908\" rel=\"ugc nofollow\"><span>C\u00fcbbeli Hocaefendinin Sesinden Dualar<\/span><\/a><\/div>\n<div class=\"ttl\">\n<p><a title=\"C\u00fcbbeli Ahmet Mahmut Hoca efendi 2016 Ramazan Sohbetleri\" href=\"https:\/\/archive.org\/details\/CubbeliAhmetMahmutHocaefendinin2016RamazanSohbetleri_mp4\" rel=\"ugc nofollow\"><span style=\"color: #008080;\"><span>C\u00fcbbeli Ahmet Mahmut Hoca efendi 2016 Ramazan Sohbetleri<\/span><\/span><\/a><\/p>\n<p><a title=\"2006-2007 HAC MED\u0130NE\" href=\"https:\/\/archive.org\/details\/kalplerinkesfi_202002\" rel=\"ugc nofollow\"><span>\u0130mam Gazali Kalplerin Ke\u015ffi<\/span><\/a><\/p>\n<p><a title=\"Allah Korkusu\" href=\"https:\/\/archive.org\/details\/00_20200210\" rel=\"ugc nofollow\"><span style=\"font-size: large;\"><span>\u0130mam Gazali Kalplerin Ke\u015ffi2<\/span><\/span><\/a><\/p>\n<\/div>\n<div class=\"ttl\">\n<p><a title=\"\u0130mam.i.Gazali.EyOgul\" href=\"https:\/\/archive.org\/details\/Imam.i.Gazali.EyOgul\" rel=\"ugc nofollow\"><span>\u0130mam.i.Gazali.Ey O\u011ful<\/span><\/a><\/p>\n<p><a title=\"Muhte\u015fem \u00c7alg\u0131s\u0131z \u0130lahiler\" href=\"https:\/\/archive.org\/details\/Tekbir_Mehmet_BASARICI_ANKARA\" rel=\"ugc nofollow\"><span style=\"color: #008080;\"><span>Muhte\u015fem \u00c7alg\u0131s\u0131z \u0130lahiler<\/span><\/span><\/a><\/p>\n<\/div>\n<div class=\"ttl\"><a title=\"Video M\u00fcziksiz ilahi\" href=\"https:\/\/archive.org\/details\/Gururlanma_201902\" rel=\"ugc nofollow\"><span>Video M\u00fcziksiz ilahi<\/span><\/a><\/div>\n<div class=\"ttl\"><a title=\"KALB\u0130N D\u0130R\u0130LT\u0130L\u0130\u015e\u0130\" href=\"https:\/\/archive.org\/details\/Allahuekber_20190219\" rel=\"ugc nofollow\"><span style=\"color: #008080;\"><span>Kalbin dirili\u015fi<\/span><\/span><\/a><\/div>\n<div class=\"ttl\">\n<p><a title=\"GURURLANMA \u0130NSANO\u011eLU\" href=\"https:\/\/archive.org\/details\/dinimizislam_0021\" rel=\"ugc nofollow\"><span style=\"font-family: Comic Sans MS;\"><span>Gururlanma insano\u011flu<\/span><\/span><\/a><\/p>\n<p><a title=\"Cengiz Numano\u011flu \u015eairin Kendi Sesinden\" href=\"https:\/\/archive.org\/details\/CengizNumanoglu\" rel=\"ugc nofollow\"><span style=\"color: #008080;\"><span>Cengiz Numano\u011flu \u015eairin Kendi Sesinden<\/span><\/span><\/a><\/p>\n<\/div>\n<div class=\"ttl\"><a title=\"Arafat ta s\u00f6z verdim Cenab\u0131 Allah'a ben\" href=\"https:\/\/archive.org\/details\/sozverdim\" rel=\"ugc nofollow\"><span>Arafat ta s\u00f6z verdim Cenab\u0131 Allah&#8217;a ben<\/span><\/a><\/div>\n<div class=\"ttl\">\n<div class=\"ttl\"><a title=\"Takipli - K\u00fc\u00e7\u00fck Abdussamed den K\u0131sa S\u00fcreler\" href=\"https:\/\/archive.org\/details\/Takipli.Kucuk.Abdussamed_den.Kisa.Sureler\" rel=\"ugc nofollow\"><span style=\"color: #008080;\"><span>Takipli &#8211; K\u00fc\u00e7\u00fck Abdussamed den K\u0131sa S\u00fcreler<\/span><\/span><\/a><\/div>\n<div class=\"ttl\"><a title=\"\u00c7ocuklar \u0130\u00e7in K\u00fc\u00e7\u00fck Abdussamed'den K\u0131sa S\u00fcreler\" href=\"https:\/\/archive.org\/details\/CocuklarIcinKucukAbdussameddenKisaSureler\" rel=\"ugc nofollow\"><span>\u00c7ocuklar \u0130\u00e7in K\u00fc\u00e7\u00fck Abdussamed&#8217;den K\u0131sa S\u00fcreler<\/span><\/a><\/div>\n<div class=\"ttl\"><a title=\"\u0130smail Co\u015far - Mevlidi \u015eerif\" href=\"https:\/\/archive.org\/details\/MevlidiSerif\" rel=\"ugc nofollow\"><span style=\"color: #008080;\"><span>\u0130smail Co\u015far &#8211; Mevlidi \u015eerif<\/span><\/span><\/a><\/div>\n<\/div>\n<div class=\"ttl\"><a title=\"EY O\u011eUL\" href=\"https:\/\/archive.org\/details\/EY-OGUL\" rel=\"ugc nofollow\"><span>EY O\u011eUL<\/span><\/a><\/div>\n<div class=\"ttl\"><a title=\"Arad\u0131m\" href=\"https:\/\/archive.org\/details\/ARADIM\" rel=\"ugc nofollow\"><span style=\"color: #008080;\"><span>Arad\u0131m<\/span><\/span><\/a><\/div>\n<div class=\"ttl\">\n<div class=\"ttl\">\n<div class=\"ttl\"><a title=\"2006-2007 HAC MEKKE\" href=\"https:\/\/archive.org\/details\/dinimizislam_008\" rel=\"ugc nofollow\"><span>2006-2007 HAC MEKKE<\/span><\/a><\/div>\n<\/div>\n<div class=\"ttl\"><a title=\"2006-2007 HAC MED\u0130NE\" href=\"https:\/\/archive.org\/details\/GitOralara\" rel=\"ugc nofollow\"><span>2006-2007 HAC MED\u0130NE<\/span><\/a><\/div>\n<div class=\"ttl\"><img loading=\"lazy\" decoding=\"async\" class=\"alignnone size-medium wp-image-110\" src=\"https:\/\/www.cansuyufm.com\/wp-content\/uploads\/2025\/05\/WhatsApp-Image-2025-05-20-at-13.33.19-2-225x300.jpeg\" alt=\"\" width=\"225\" height=\"300\" srcset=\"https:\/\/www.cansuyufm.com\/wp-content\/uploads\/2025\/05\/WhatsApp-Image-2025-05-20-at-13.33.19-2-225x300.jpeg 225w, https:\/\/www.cansuyufm.com\/wp-content\/uploads\/2025\/05\/WhatsApp-Image-2025-05-20-at-13.33.19-2-768x1024.jpeg 768w, https:\/\/www.cansuyufm.com\/wp-content\/uploads\/2025\/05\/WhatsApp-Image-2025-05-20-at-13.33.19-2-1152x1536.jpeg 1152w, https:\/\/www.cansuyufm.com\/wp-content\/uploads\/2025\/05\/WhatsApp-Image-2025-05-20-at-13.33.19-2.jpeg 1200w\" sizes=\"auto, (max-width: 225px) 100vw, 225px\" \/><\/div>\n<\/div>\n<\/div>\n<div class=\"pvc_clear\"><\/div>\n<p id=\"pvc_stats_653\" class=\"pvc_stats all  \" data-element-id=\"653\" style=\"\"><i class=\"pvc-stats-icon medium\" aria-hidden=\"true\"><svg aria-hidden=\"true\" focusable=\"false\" data-prefix=\"far\" data-icon=\"chart-bar\" role=\"img\" xmlns=\"http:\/\/www.w3.org\/2000\/svg\" viewBox=\"0 0 512 512\" class=\"svg-inline--fa fa-chart-bar fa-w-16 fa-2x\"><path fill=\"currentColor\" d=\"M396.8 352h22.4c6.4 0 12.8-6.4 12.8-12.8V108.8c0-6.4-6.4-12.8-12.8-12.8h-22.4c-6.4 0-12.8 6.4-12.8 12.8v230.4c0 6.4 6.4 12.8 12.8 12.8zm-192 0h22.4c6.4 0 12.8-6.4 12.8-12.8V140.8c0-6.4-6.4-12.8-12.8-12.8h-22.4c-6.4 0-12.8 6.4-12.8 12.8v198.4c0 6.4 6.4 12.8 12.8 12.8zm96 0h22.4c6.4 0 12.8-6.4 12.8-12.8V204.8c0-6.4-6.4-12.8-12.8-12.8h-22.4c-6.4 0-12.8 6.4-12.8 12.8v134.4c0 6.4 6.4 12.8 12.8 12.8zM496 400H48V80c0-8.84-7.16-16-16-16H16C7.16 64 0 71.16 0 80v336c0 17.67 14.33 32 32 32h464c8.84 0 16-7.16 16-16v-16c0-8.84-7.16-16-16-16zm-387.2-48h22.4c6.4 0 12.8-6.4 12.8-12.8v-70.4c0-6.4-6.4-12.8-12.8-12.8h-22.4c-6.4 0-12.8 6.4-12.8 12.8v70.4c0 6.4 6.4 12.8 12.8 12.8z\" class=\"\"><\/path><\/svg><\/i> <img loading=\"lazy\" decoding=\"async\" width=\"16\" height=\"16\" alt=\"Loading\" src=\"https:\/\/www.cansuyufm.com\/wp-content\/plugins\/page-views-count\/ajax-loader-2x.gif\" border=0 \/><\/p>\n<div class=\"pvc_clear\"><\/div>\n","protected":false},"excerpt":{"rendered":"<p>\u0130slam Ahlak\u0131 Abdest Ris\u00e2les\u00a0i Abdest nas\u0131l al\u0131n\u0131r be\u015f vakit namaz nas\u0131l k\u0131l\u0131n\u0131r Mescid.Sohbetleri Namaz Namaz Kitab\u0131 Be\u015f vakit namaz Namaz Nas\u0131l K\u0131l\u0131n\u0131r Namazda Ne Okuyoruz K\u0131yamet ve Ah\u00eeret Tam \u0130lmihal Saadeti Ebediyye 1.B\u00f6l\u00fcm Tam \u0130lmihal Saadeti Ebediyye 2.Bolum Tam \u0130lmihal Saadeti Ebediyye 3.Bolum Riyaz&#8217;\u00fcs Salihin Hadisler Eshab-\u0131 Kiram Muhtasar \u0130lmihal\u00a0SESL\u0130 54 Farz C\u00fcbbeli Ahmet Hoca [&hellip;]<\/p>\n<div class=\"pvc_clear\"><\/div>\n<p id=\"pvc_stats_653\" class=\"pvc_stats all  \" data-element-id=\"653\" style=\"\"><i class=\"pvc-stats-icon medium\" aria-hidden=\"true\"><svg aria-hidden=\"true\" focusable=\"false\" data-prefix=\"far\" data-icon=\"chart-bar\" role=\"img\" xmlns=\"http:\/\/www.w3.org\/2000\/svg\" viewBox=\"0 0 512 512\" class=\"svg-inline--fa fa-chart-bar fa-w-16 fa-2x\"><path fill=\"currentColor\" d=\"M396.8 352h22.4c6.4 0 12.8-6.4 12.8-12.8V108.8c0-6.4-6.4-12.8-12.8-12.8h-22.4c-6.4 0-12.8 6.4-12.8 12.8v230.4c0 6.4 6.4 12.8 12.8 12.8zm-192 0h22.4c6.4 0 12.8-6.4 12.8-12.8V140.8c0-6.4-6.4-12.8-12.8-12.8h-22.4c-6.4 0-12.8 6.4-12.8 12.8v198.4c0 6.4 6.4 12.8 12.8 12.8zm96 0h22.4c6.4 0 12.8-6.4 12.8-12.8V204.8c0-6.4-6.4-12.8-12.8-12.8h-22.4c-6.4 0-12.8 6.4-12.8 12.8v134.4c0 6.4 6.4 12.8 12.8 12.8zM496 400H48V80c0-8.84-7.16-16-16-16H16C7.16 64 0 71.16 0 80v336c0 17.67 14.33 32 32 32h464c8.84 0 16-7.16 16-16v-16c0-8.84-7.16-16-16-16zm-387.2-48h22.4c6.4 0 12.8-6.4 12.8-12.8v-70.4c0-6.4-6.4-12.8-12.8-12.8h-22.4c-6.4 0-12.8 6.4-12.8 12.8v70.4c0 6.4 6.4 12.8 12.8 12.8z\" class=\"\"><\/path><\/svg><\/i> <img loading=\"lazy\" decoding=\"async\" width=\"16\" height=\"16\" alt=\"Loading\" src=\"https:\/\/www.cansuyufm.com\/wp-content\/plugins\/page-views-count\/ajax-loader-2x.gif\" border=0 \/><\/p>\n<div class=\"pvc_clear\"><\/div>\n","protected":false},"author":1,"featured_media":0,"parent":0,"menu_order":0,"comment_status":"closed","ping_status":"closed","template":"","meta":{"footnotes":""},"class_list":["post-653","page","type-page","status-publish","hentry"],"_links":{"self":[{"href":"https:\/\/www.cansuyufm.com\/index.php?rest_route=\/wp\/v2\/pages\/653","targetHints":{"allow":["GET"]}}],"collection":[{"href":"https:\/\/www.cansuyufm.com\/index.php?rest_route=\/wp\/v2\/pages"}],"about":[{"href":"https:\/\/www.cansuyufm.com\/index.php?rest_route=\/wp\/v2\/types\/page"}],"author":[{"embeddable":true,"href":"https:\/\/www.cansuyufm.com\/index.php?rest_route=\/wp\/v2\/users\/1"}],"replies":[{"embeddable":true,"href":"https:\/\/www.cansuyufm.com\/index.php?rest_route=%2Fwp%2Fv2%2Fcomments&post=653"}],"version-history":[{"count":1,"href":"https:\/\/www.cansuyufm.com\/index.php?rest_route=\/wp\/v2\/pages\/653\/revisions"}],"predecessor-version":[{"id":654,"href":"https:\/\/www.cansuyufm.com\/index.php?rest_route=\/wp\/v2\/pages\/653\/revisions\/654"}],"wp:attachment":[{"href":"https:\/\/www.cansuyufm.com\/index.php?rest_route=%2Fwp%2Fv2%2Fmedia&parent=653"}],"curies":[{"name":"wp","href":"https:\/\/api.w.org\/{rel}","templated":true}]}}