{"id":935,"date":"2025-12-15T21:34:22","date_gmt":"2025-12-15T18:34:22","guid":{"rendered":"https:\/\/www.cansuyufm.com\/?page_id=935"},"modified":"2025-12-15T21:47:44","modified_gmt":"2025-12-15T18:47:44","slug":"islam-ahlaki","status":"publish","type":"page","link":"https:\/\/www.cansuyufm.com\/?page_id=935","title":{"rendered":"\u0130SLAM AHLAKI"},"content":{"rendered":"<p><audio class=\"wp-audio-shortcode\" id=\"audio-935-1\" preload=\"none\" style=\"width: 100%;\" controls=\"controls\"><source type=\"audio\/mpeg\" src=\"https:\/\/archive.org\/details\/2020_20200208\/000_Kitab%C4%B1n+Tamam%C4%B1+(TEK_PAR%C3%87A).mp3?_=1\" \/><a href=\"https:\/\/archive.org\/details\/2020_20200208\/000_Kitab%C4%B1n+Tamam%C4%B1+(TEK_PAR%C3%87A).mp3\">https:\/\/archive.org\/details\/2020_20200208\/000_Kitab%C4%B1n+Tamam%C4%B1+(TEK_PAR%C3%87A).mp3<\/a><\/audio><br \/>\n1.k\u0131s\u0131m<\/p>\n<audio class=\"wp-audio-shortcode\" id=\"audio-935-2\" preload=\"none\" style=\"width: 100%;\" controls=\"controls\"><source type=\"audio\/mpeg\" src=\"https:\/\/archive.org\/download\/2020_20200208\/004_1.Kisim.mp3?_=2\" \/><a href=\"https:\/\/archive.org\/download\/2020_20200208\/004_1.Kisim.mp3\">https:\/\/archive.org\/download\/2020_20200208\/004_1.Kisim.mp3<\/a><\/audio>\n<p>Kotu_Ahlak_ve_Bunlardan_Kurtulma_Careleri<\/p>\n<audio class=\"wp-audio-shortcode\" id=\"audio-935-3\" preload=\"none\" style=\"width: 100%;\" controls=\"controls\"><source type=\"audio\/mpeg\" src=\"https:\/\/archive.org\/download\/2020_20200208\/005_Kotu_Ahlak_ve_Bunlardan_Kurtulma_Careleri.mp3?_=3\" \/><a href=\"https:\/\/archive.org\/download\/2020_20200208\/005_Kotu_Ahlak_ve_Bunlardan_Kurtulma_Careleri.mp3\">https:\/\/archive.org\/download\/2020_20200208\/005_Kotu_Ahlak_ve_Bunlardan_Kurtulma_Careleri.mp3<\/a><\/audio>\n<p>K\u00f6t\u00fc Ahlak Ve ila\u00e7lar\u0131<\/p>\n<audio class=\"wp-audio-shortcode\" id=\"audio-935-4\" preload=\"none\" style=\"width: 100%;\" controls=\"controls\"><source type=\"audio\/mpeg\" src=\"https:\/\/archive.org\/download\/2020_20200208\/006_Kotu_Ahlak_ve_Ilaclari.mp3?_=4\" \/><a href=\"https:\/\/archive.org\/download\/2020_20200208\/006_Kotu_Ahlak_ve_Ilaclari.mp3\">https:\/\/archive.org\/download\/2020_20200208\/006_Kotu_Ahlak_ve_Ilaclari.mp3<\/a><\/audio>\n<p>K\u00dcFR<br \/>\n<audio class=\"wp-audio-shortcode\" id=\"audio-935-5\" preload=\"none\" style=\"width: 100%;\" controls=\"controls\"><source type=\"audio\/mpeg\" src=\"https:\/\/archive.org\/download\/2020_20200208\/007_Kufr.mp3?_=5\" \/><a href=\"https:\/\/archive.org\/download\/2020_20200208\/007_Kufr.mp3\">https:\/\/archive.org\/download\/2020_20200208\/007_Kufr.mp3<\/a><\/audio><\/p>\n<p>Cehalet <\/p>\n<audio class=\"wp-audio-shortcode\" id=\"audio-935-6\" preload=\"none\" style=\"width: 100%;\" controls=\"controls\"><source type=\"audio\/mpeg\" src=\"https:\/\/archive.org\/download\/2020_20200208\/008_Cehalet.mp3?_=6\" \/><a href=\"https:\/\/archive.org\/download\/2020_20200208\/008_Cehalet.mp3\">https:\/\/archive.org\/download\/2020_20200208\/008_Cehalet.mp3<\/a><\/audio>\n<p>MAL Mevkii H\u0131rs\u0131<\/p>\n<audio class=\"wp-audio-shortcode\" id=\"audio-935-7\" preload=\"none\" style=\"width: 100%;\" controls=\"controls\"><source type=\"audio\/mpeg\" src=\"https:\/\/archive.org\/download\/2020_20200208\/009_Mal_Mevki_Hirsi.mp3?_=7\" \/><a href=\"https:\/\/archive.org\/download\/2020_20200208\/009_Mal_Mevki_Hirsi.mp3\">https:\/\/archive.org\/download\/2020_20200208\/009_Mal_Mevki_Hirsi.mp3<\/a><\/audio>\n<p>Ay\u0131planmak Korkusu<br \/>\n<audio class=\"wp-audio-shortcode\" id=\"audio-935-8\" preload=\"none\" style=\"width: 100%;\" controls=\"controls\"><source type=\"audio\/mpeg\" src=\"https:\/\/archive.org\/download\/2020_20200208\/010_Ayblanmak_Korkusu.mp3?_=8\" \/><a href=\"https:\/\/archive.org\/download\/2020_20200208\/010_Ayblanmak_Korkusu.mp3\">https:\/\/archive.org\/download\/2020_20200208\/010_Ayblanmak_Korkusu.mp3<\/a><\/audio><\/p>\n<div class=\"pvc_clear\"><\/div>\n<p id=\"pvc_stats_935\" class=\"pvc_stats all  \" data-element-id=\"935\" style=\"\"><i class=\"pvc-stats-icon medium\" aria-hidden=\"true\"><svg aria-hidden=\"true\" focusable=\"false\" data-prefix=\"far\" data-icon=\"chart-bar\" role=\"img\" xmlns=\"http:\/\/www.w3.org\/2000\/svg\" viewBox=\"0 0 512 512\" class=\"svg-inline--fa fa-chart-bar fa-w-16 fa-2x\"><path fill=\"currentColor\" d=\"M396.8 352h22.4c6.4 0 12.8-6.4 12.8-12.8V108.8c0-6.4-6.4-12.8-12.8-12.8h-22.4c-6.4 0-12.8 6.4-12.8 12.8v230.4c0 6.4 6.4 12.8 12.8 12.8zm-192 0h22.4c6.4 0 12.8-6.4 12.8-12.8V140.8c0-6.4-6.4-12.8-12.8-12.8h-22.4c-6.4 0-12.8 6.4-12.8 12.8v198.4c0 6.4 6.4 12.8 12.8 12.8zm96 0h22.4c6.4 0 12.8-6.4 12.8-12.8V204.8c0-6.4-6.4-12.8-12.8-12.8h-22.4c-6.4 0-12.8 6.4-12.8 12.8v134.4c0 6.4 6.4 12.8 12.8 12.8zM496 400H48V80c0-8.84-7.16-16-16-16H16C7.16 64 0 71.16 0 80v336c0 17.67 14.33 32 32 32h464c8.84 0 16-7.16 16-16v-16c0-8.84-7.16-16-16-16zm-387.2-48h22.4c6.4 0 12.8-6.4 12.8-12.8v-70.4c0-6.4-6.4-12.8-12.8-12.8h-22.4c-6.4 0-12.8 6.4-12.8 12.8v70.4c0 6.4 6.4 12.8 12.8 12.8z\" class=\"\"><\/path><\/svg><\/i> <img loading=\"lazy\" decoding=\"async\" width=\"16\" height=\"16\" alt=\"Loading\" src=\"https:\/\/www.cansuyufm.com\/wp-content\/plugins\/page-views-count\/ajax-loader-2x.gif\" border=0 \/><\/p>\n<div class=\"pvc_clear\"><\/div>\n","protected":false},"excerpt":{"rendered":"<p>1.k\u0131s\u0131m Kotu_Ahlak_ve_Bunlardan_Kurtulma_Careleri K\u00f6t\u00fc Ahlak Ve ila\u00e7lar\u0131 K\u00dcFR Cehalet MAL Mevkii H\u0131rs\u0131 Ay\u0131planmak Korkusu<\/p>\n<div class=\"pvc_clear\"><\/div>\n<p id=\"pvc_stats_935\" class=\"pvc_stats all  \" data-element-id=\"935\" style=\"\"><i class=\"pvc-stats-icon medium\" aria-hidden=\"true\"><svg aria-hidden=\"true\" focusable=\"false\" data-prefix=\"far\" data-icon=\"chart-bar\" role=\"img\" xmlns=\"http:\/\/www.w3.org\/2000\/svg\" viewBox=\"0 0 512 512\" class=\"svg-inline--fa fa-chart-bar fa-w-16 fa-2x\"><path fill=\"currentColor\" d=\"M396.8 352h22.4c6.4 0 12.8-6.4 12.8-12.8V108.8c0-6.4-6.4-12.8-12.8-12.8h-22.4c-6.4 0-12.8 6.4-12.8 12.8v230.4c0 6.4 6.4 12.8 12.8 12.8zm-192 0h22.4c6.4 0 12.8-6.4 12.8-12.8V140.8c0-6.4-6.4-12.8-12.8-12.8h-22.4c-6.4 0-12.8 6.4-12.8 12.8v198.4c0 6.4 6.4 12.8 12.8 12.8zm96 0h22.4c6.4 0 12.8-6.4 12.8-12.8V204.8c0-6.4-6.4-12.8-12.8-12.8h-22.4c-6.4 0-12.8 6.4-12.8 12.8v134.4c0 6.4 6.4 12.8 12.8 12.8zM496 400H48V80c0-8.84-7.16-16-16-16H16C7.16 64 0 71.16 0 80v336c0 17.67 14.33 32 32 32h464c8.84 0 16-7.16 16-16v-16c0-8.84-7.16-16-16-16zm-387.2-48h22.4c6.4 0 12.8-6.4 12.8-12.8v-70.4c0-6.4-6.4-12.8-12.8-12.8h-22.4c-6.4 0-12.8 6.4-12.8 12.8v70.4c0 6.4 6.4 12.8 12.8 12.8z\" class=\"\"><\/path><\/svg><\/i> <img loading=\"lazy\" decoding=\"async\" width=\"16\" height=\"16\" alt=\"Loading\" src=\"https:\/\/www.cansuyufm.com\/wp-content\/plugins\/page-views-count\/ajax-loader-2x.gif\" border=0 \/><\/p>\n<div class=\"pvc_clear\"><\/div>\n","protected":false},"author":1,"featured_media":0,"parent":0,"menu_order":0,"comment_status":"closed","ping_status":"closed","template":"","meta":{"footnotes":""},"class_list":["post-935","page","type-page","status-publish","hentry"],"_links":{"self":[{"href":"https:\/\/www.cansuyufm.com\/index.php?rest_route=\/wp\/v2\/pages\/935","targetHints":{"allow":["GET"]}}],"collection":[{"href":"https:\/\/www.cansuyufm.com\/index.php?rest_route=\/wp\/v2\/pages"}],"about":[{"href":"https:\/\/www.cansuyufm.com\/index.php?rest_route=\/wp\/v2\/types\/page"}],"author":[{"embeddable":true,"href":"https:\/\/www.cansuyufm.com\/index.php?rest_route=\/wp\/v2\/users\/1"}],"replies":[{"embeddable":true,"href":"https:\/\/www.cansuyufm.com\/index.php?rest_route=%2Fwp%2Fv2%2Fcomments&post=935"}],"version-history":[{"count":11,"href":"https:\/\/www.cansuyufm.com\/index.php?rest_route=\/wp\/v2\/pages\/935\/revisions"}],"predecessor-version":[{"id":957,"href":"https:\/\/www.cansuyufm.com\/index.php?rest_route=\/wp\/v2\/pages\/935\/revisions\/957"}],"wp:attachment":[{"href":"https:\/\/www.cansuyufm.com\/index.php?rest_route=%2Fwp%2Fv2%2Fmedia&parent=935"}],"curies":[{"name":"wp","href":"https:\/\/api.w.org\/{rel}","templated":true}]}}